{"id":3457,"date":"2024-03-14T14:46:16","date_gmt":"2024-03-14T13:46:16","guid":{"rendered":"https:\/\/doftrum.se\/takk-for-bestillingen\/"},"modified":"2024-05-17T11:40:13","modified_gmt":"2024-05-17T09:40:13","slug":"takk-for-bestillingen","status":"publish","type":"page","link":"https:\/\/doftrum.se\/no\/takk-for-bestillingen\/","title":{"rendered":"Takk for bestillingen"},"content":{"rendered":"\n\n\t<section class=\"section\" id=\"section_1481360773\">\n\t\t<div class=\"section-bg fill\" >\n\t\t\t\t\t\t\t\t\t\n\t\t\t\n\n\t\t<\/div>\n\n\t\t\n\n\t\t<div class=\"section-content relative\">\n\t\t\t\n\n<div class=\"row\"  id=\"row-1017856053\">\n\n\n\t<div id=\"col-1299004539\" class=\"col small-12 large-12\"  >\n\t\t\t\t<div class=\"col-inner\"  >\n\t\t\t\n\t\t\t\n\n\t<div id=\"text-1921149307\" class=\"text\">\n\t\t\n\n<h2>Tack f\u00f6r din order!\u00a0<\/h2>\n<p>Vi \u00e4r oerh\u00f6rt glada \u00f6ver att du valt att handla fr\u00e5n oss p\u00e5 Doftrum. Vi \u00e4r v\u00e4ldigt m\u00e5na om att du skall bli helt n\u00f6jd med ditt k\u00f6p fr\u00e5n oss.\u00a0<br \/>Om du har n\u00e5gra fr\u00e5gor eller funderingar s\u00e5 \u00e4r du varmt v\u00e4lkommen att h\u00f6ra av dig. <a href=\"https:\/\/doftrum.se\/no\/kontakt-oss\/\">Klicka h\u00e4r f\u00f6r att kontakta oss.\u00a0<\/a><\/p>\n\t\t\n<style>\n#text-1921149307 {\n  text-align: center;\n}\n<\/style>\n\t<\/div>\n\t\n\n\t\t<\/div>\n\t\t\t\t\t<\/div>\n\n\t\n\n<\/div>\n\n\t\t<\/div>\n\n\t\t\n<style>\n#section_1481360773 {\n  padding-top: 30px;\n  padding-bottom: 30px;\n}\n<\/style>\n\t<\/section>\n\t\n\n\n            <checkout-success-widget>\n                <klarna-confirmation-snippet \/>\n            <\/checkout-success-widget>\n        \n\n\t<div id=\"gap-1030938009\" class=\"gap-element clearfix\" style=\"display:block; height:auto;\">\n\t\t\n<style>\n#gap-1030938009 {\n  padding-top: 70px;\n}\n<\/style>\n\t<\/div>\n\t\n\n\n","protected":false},"excerpt":{"rendered":"","protected":false},"author":24,"featured_media":0,"parent":0,"menu_order":0,"comment_status":"closed","ping_status":"closed","template":"page-transparent-header.php","meta":{"_acf_changed":false,"footnotes":""},"class_list":["post-3457","page","type-page","status-publish","hentry"],"acf":[],"_links":{"self":[{"href":"https:\/\/doftrum.se\/no\/wp-json\/wp\/v2\/pages\/3457","targetHints":{"allow":["GET"]}}],"collection":[{"href":"https:\/\/doftrum.se\/no\/wp-json\/wp\/v2\/pages"}],"about":[{"href":"https:\/\/doftrum.se\/no\/wp-json\/wp\/v2\/types\/page"}],"author":[{"embeddable":true,"href":"https:\/\/doftrum.se\/no\/wp-json\/wp\/v2\/users\/24"}],"replies":[{"embeddable":true,"href":"https:\/\/doftrum.se\/no\/wp-json\/wp\/v2\/comments?post=3457"}],"version-history":[{"count":6,"href":"https:\/\/doftrum.se\/no\/wp-json\/wp\/v2\/pages\/3457\/revisions"}],"predecessor-version":[{"id":5034,"href":"https:\/\/doftrum.se\/no\/wp-json\/wp\/v2\/pages\/3457\/revisions\/5034"}],"wp:attachment":[{"href":"https:\/\/doftrum.se\/no\/wp-json\/wp\/v2\/media?parent=3457"}],"curies":[{"name":"wp","href":"https:\/\/api.w.org\/{rel}","templated":true}]}}