{"id":3344,"date":"2024-03-11T08:46:55","date_gmt":"2024-03-11T07:46:55","guid":{"rendered":"https:\/\/doftrum.se\/kjopsbetingelser\/"},"modified":"2025-01-16T09:23:02","modified_gmt":"2025-01-16T08:23:02","slug":"kjopsbetingelser","status":"publish","type":"page","link":"https:\/\/doftrum.se\/no\/kjopsbetingelser\/","title":{"rendered":"Kj\u00f8psbetingelser"},"content":{"rendered":"\n<div class=\"container section-title-container\" ><h2 class=\"section-title section-title-center\"><b aria-hidden=\"true\"><\/b><span class=\"section-title-main\" >Kj\u00f8psbetingelser<\/span><b aria-hidden=\"true\"><\/b><\/h2><\/div>\n\n<div class=\"row\"  id=\"row-390319080\">\n\n\n\t<div id=\"col-1873645109\" class=\"col small-12 large-12\"  >\n\t\t\t\t<div class=\"col-inner\"  >\n\t\t\t\n\t\t\t\n\n<p>&#8211; for levering i Sverige<\/p>\n<p>Gjelder for Acreto Webshop (doftrum.se) fra 2024-03-01.<\/p>\n<ol>\n<li>Bekreftelse<\/li>\n<\/ol>\n<p>N\u00e5r en bestilling er mottatt, sendes det automatisk en <em>ordrebekreftelse<\/em> til din registrerte e-postadresse. Denne e-posten inneholder informasjon om innholdet i bestillingen din. N\u00e5r bestillingen er sendt fra Acreto Webshops lager, vil du ogs\u00e5 motta en <em>leveringsbekreftelse<\/em> p\u00e5 e-post som viser at bestillingen er p\u00e5 vei. Som kunde er det en god id\u00e9 \u00e5 lagre <em>bestillings- og leveringsbekreftelsen i<\/em> tilfelle du trenger \u00e5 kontakte kundeservice. N\u00e5r pakken er tilgjengelig for henting p\u00e5 et utleveringssted eller at levering er mulig, vil du bli varslet av v\u00e5r fraktpartner via SMS eller e-post, avhengig av dine egne valg i kassen i nettbutikken. Det er viktig at du oppgir mobiltelefonnummeret ditt hvis du \u00f8nsker \u00e5 bli varslet p\u00e5 SMS.<\/p>\n<ol start=\"2\">\n<li>Betalingsmuligheter<\/li>\n<\/ol>\n<p><br>2.1 Betaling via Klarna Betalingsbetingelsene avtales mellom kunden og Klarna og er derfor forskjellige. Du finner de fullstendige vilk\u00e5rene og betingelsene via lenken nedenfor.<\/p>\n<p><a href=\"https:\/\/www.klarna.com\/se\/villkor\/\" target=\"_blank\" rel=\"noopener\">https:\/\/www.klarna.com\/se\/villkor\/<\/a><\/p>\n<ol start=\"3\">\n<li>Leveringsm\u00e5te og fraktkostnader<\/li>\n<\/ol>\n<p>Varene dine vil bli sendt til et utleveringssted i n\u00e6rheten av deg, eller hvis du aktivt har valgt et annet alternativ. Vi bruker DHL eller Schenker som fraktpartner. Leveringstiden til deg som kunde er vanligvis 2-4 virkedager fra bestillingsdatoen, men kan variere ved stor ettersp\u00f8rsel. Hvis produktet er utsolgt, vil vi informere deg om gjeldende leveringstid via telefon eller e-post. <br><br>Ved leveringsforsinkelse har du alltid rett til \u00e5 heve kj\u00f8pet. Acreto Webshop Sverige kan kun levere varer til adresser i Sverige. For leveranser innenfor Sverige kan det tilkomme en fraktavgift avhengig av hvilken fraktmetode du valgte i kassen da bestillingen ble registrert. I unntakstilfeller kan leveransen skje i flere sendinger.<\/p>\n<ol start=\"4\">\n<li>Retur av bestillinger &#8211; Angrerett<\/li>\n<\/ol>\n<p>Som kunde hos Acreto Webshop har du rett til \u00e5 angre et kj\u00f8p med full returrett innen 14 dager etter at du har mottatt varene. <br>Kontakt Acreto via e-post eller telefon for \u00e5 f\u00e5 et <strong>returnummer<\/strong> som du skriver p\u00e5 en lapp og legger sammen med varen. For at returen skal godkjennes, m\u00e5 den returnerte varen v\u00e6re i vesentlig uforandret stand, dvs. ubrukt og med alle etiketter i behold. Varene skal pakkes i originalemballasjen med tilh\u00f8rende inneremballasje og sammen med eventuelt tilbeh\u00f8r. Sett ikke adresseetiketter direkte p\u00e5 varens emballasje, men legg originalemballasjen i en annen eske. Hvis st\u00f8rrelsen eller modellen er feil, kan du returnere varen, og kj\u00f8pet vil bli refundert. Deretter kan du gj\u00f8re et nytt kj\u00f8p i nettbutikken v\u00e5r. <u>Du m\u00e5 selv betale returportoen<\/u>. Retur skal skje ved levering til bedrift (via Schenker eller DHL) og kan ikke skje via agent eller som postoppkrav. Ta vare p\u00e5 leveringskvitteringen &#8211; husk at du er ansvarlig for returforsendelsen!<br>Tilbakebetaling skjer innen 30 bankdager etter at vi har mottatt og akseptert det returnerte produktet. Bel\u00f8pet kan trekkes fra dersom det er synlige feil eller mangler ved produktet som kunden har for\u00e5rsaket f\u00f8r returen. I s\u00e5 fall varsles kunden om fradraget via e-post f\u00f8r refusjonen gjennomf\u00f8res.<\/p>\n<p><br><br><br><br>R<u>eturer skal sendes til:<\/u> Brandon AB c\/o Acreto Webshop Arendalsv\u00e4gen 16 418 78 G\u00f6teborg<\/p>\n<ol start=\"5\">\n<li>Ikke leverte forsendelser<\/li>\n<\/ol>\n<p>Hvis du ikke henter den bestilte varen, vil du motta en p\u00e5minnelse fra v\u00e5r fraktpartner. For forsendelser som ikke innl\u00f8ses og ikke avbestilles, men returneres til Acreto, belastes et gebyr p\u00e5 for tiden 310 SEK inkl. mva. for \u00e5 dekke Acretos transport- og administrasjonskostnader.<\/p>\n<ol start=\"6\">\n<li>Garantier og mangler<\/li>\n<\/ol>\n<p>6.1 Garantier<\/p>\n<p>Vi gir 1 \u00e5rs fabrikkgaranti for produksjonsfeil p\u00e5 alle produkter, med mindre annet er oppgitt under hvert produkt. For at garantiforpliktelsene skal v\u00e6re gyldige, m\u00e5 kvitteringer\/garantibevis fremlegges. Kvitteringen fungerer som garantibevis. Acreto betaler returfrakt for feil som dekkes av garantien.<\/p>\n<p>Denne garantien gjelder ikke for:<\/p>\n<ul>\n<li>Ulykke etter at du har mottatt varene.<\/li>\n<li>Fors\u00f8mmelse<\/li>\n<li>Unormal bruk av produktet.<\/li>\n<li>Unnlatelse av \u00e5 f\u00f8lge instruksjonene for stell og vedlikehold.<\/li>\n<\/ul>\n<p>6.2 Transportskader<\/p>\n<p>Hvis du oppdager betydelige transportskader p\u00e5 leveringsstedet, b\u00f8r du <u>ikke<\/u> hente pakken. Hvis skaden p\u00e5 esken er liten, b\u00f8r du imidlertid <u>alltid<\/u> notere skaden n\u00e5r du henter pakken. Rapporter alltid synlige transportskader umiddelbart til den aktuelle transport\u00f8ren og Acretos kundeservice. Hvis du oppdager en transportskade f\u00f8rst etter at du har \u00e5pnet pakken (skjult transportskade), m\u00e5 du <u>umiddelbart<\/u> reklamere til transport\u00f8ren og Acretos kundeservice.<\/p>\n<p> <\/p>\n<p>6.3 Feil i leveransen<\/p>\n<p>Dersom det er mangler ved varen ved levering (dersom mangelen skyldes transport, se punkt 6.2), m\u00e5 varen reklameres og returneres til oss i originalemballasjen for reparasjon eller omlevering. Ved en slik klage b\u00f8r du f\u00f8rst kontakte v\u00e5r kundeservice p\u00e5 e-post <a href=\"mailto:support@acreto.se\">support@acreto.se<\/a> eller p\u00e5 telefon 031-3000 500. Reklamasjon p\u00e5 leveringsfeil m\u00e5 skje innen 7 dager. V\u00e6r oppmerksom p\u00e5 at mottak av returnummer og fraktbrev ikke er det samme som en godkjent reklamasjon.<\/p>\n<p>6.4 Feil i garantiperioden<\/p>\n<p>Skulle det oppst\u00e5 produksjonsfeil p\u00e5 produktet i garantiperioden, m\u00e5 det reklameres og returneres til oss, godt emballert, for reparasjon eller erstatning. Ved en slik klage b\u00f8r du f\u00f8rst kontakte v\u00e5r kundeservice p\u00e5 e-post <a href=\"mailto:support@acreto.se\">support@acreto.se<\/a> eller p\u00e5 telefon 031-3000 500. Melding om en mangel ved en vare som omfattes av garantien, m\u00e5 gis innen rimelig tid etter at du som kunde oppdaget eller burde ha oppdaget mangelen. V\u00e6r oppmerksom p\u00e5 at mottak av returnummer og fraktbrev ikke er det samme som en godkjent reklamasjon.<\/p>\n<p>7. Anmeldelser og attester<\/p>\n<p>Doftrum modererer anmeldelser for \u00e5 sikre at de ikke inneholder st\u00f8tende innhold eller innhold som er i strid med gjeldende lovgivning. Dette kan for eksempel v\u00e6re v\u00e6re personangrep eller innlegg av seksuell eller rasistisk karakter.  <br>Doftrum validerer\/verifiserer ikke anmeldelsene, men alle faktabaserte anmeldelser og vurderinger publiseres p\u00e5 nettstedet. Alle anmeldelser samles inn direkte p\u00e5 nettstedet v\u00e5rt, og alle som bes\u00f8ker Doftrum har muligheten til \u00e5 anmelde et produkt.  <\/p>\n<p>8. Annet<\/p>\n<p>V\u00e6r oppmerksom p\u00e5 at du m\u00e5 v\u00e6re 18 \u00e5r eller ha tillatelse fra foreldre for \u00e5 handle i nettbutikken v\u00e5r. Kunden er kjent med at vi lagrer kundens registrerte personopplysninger for \u00e5 kunne oppfylle bestillingen og for fremtidige supportform\u00e5l. Lagringen skjer i et lukket register. Ved en eventuell tvist vil Acreto AB f\u00f8lge anbefalingene fra den generelle klagenemnda. For mer informasjon om ovennevnte kj\u00f8psvilk\u00e5r eller v\u00e5re produkter, vennligst kontakt v\u00e5r kundeservice p\u00e5 e-post <a href=\"mailto:support@acreto.se\">support@acreto.se<\/a> eller p\u00e5 telefon 031-3000 500.<\/p>\n\n\t\t<\/div>\n\t\t\t\t\t<\/div>\n\n\t\n\n<\/div>\n\n","protected":false},"excerpt":{"rendered":"","protected":false},"author":18,"featured_media":0,"parent":0,"menu_order":0,"comment_status":"closed","ping_status":"closed","template":"","meta":{"_acf_changed":false,"footnotes":""},"class_list":["post-3344","page","type-page","status-publish","hentry"],"acf":[],"_links":{"self":[{"href":"https:\/\/doftrum.se\/no\/wp-json\/wp\/v2\/pages\/3344","targetHints":{"allow":["GET"]}}],"collection":[{"href":"https:\/\/doftrum.se\/no\/wp-json\/wp\/v2\/pages"}],"about":[{"href":"https:\/\/doftrum.se\/no\/wp-json\/wp\/v2\/types\/page"}],"author":[{"embeddable":true,"href":"https:\/\/doftrum.se\/no\/wp-json\/wp\/v2\/users\/18"}],"replies":[{"embeddable":true,"href":"https:\/\/doftrum.se\/no\/wp-json\/wp\/v2\/comments?post=3344"}],"version-history":[{"count":3,"href":"https:\/\/doftrum.se\/no\/wp-json\/wp\/v2\/pages\/3344\/revisions"}],"predecessor-version":[{"id":7117,"href":"https:\/\/doftrum.se\/no\/wp-json\/wp\/v2\/pages\/3344\/revisions\/7117"}],"wp:attachment":[{"href":"https:\/\/doftrum.se\/no\/wp-json\/wp\/v2\/media?parent=3344"}],"curies":[{"name":"wp","href":"https:\/\/api.w.org\/{rel}","templated":true}]}}